{"id":21275,"date":"2022-12-02T15:00:16","date_gmt":"2022-12-02T18:00:16","guid":{"rendered":"https:\/\/bazarmaipu.com.ar\/woo\/producto\/olla-alta-c-tapa-acero-triple-fondo-tramontina-solar-chica\/"},"modified":"2026-03-27T14:24:31","modified_gmt":"2026-03-27T17:24:31","slug":"olla-alta-c-tapa-acero-triple-fondo-tramontina-solar-chica","status":"publish","type":"product","link":"https:\/\/bazarmaipu.com.ar\/woo\/producto\/olla-alta-c-tapa-acero-triple-fondo-tramontina-solar-chica\/","title":{"rendered":"Olla 20 cm Tramontina Solar Acero inoxidable Triple Fondo 4.6 lts"},"content":{"rendered":"<p>OLLA ALTA c\/TAPA ACERO TRIPLE FONDO TRAMONTINA SOLAR CHICA<\/p>\n<p>&#8211; Un cl\u00e1sico de Tramontina, Solar es s\u00edmbolo de durabilidad y practicidad.<br \/>&#8211; Hecha totalmente de acero inoxidable, no suelta ning\u00fan residuo en los alimentos, manteni\u00e9ndolos sanos.<br \/>&#8211; Altamente durable, mantiene las caracter\u00edsticas originales, conservando la belleza, higiene y durabilidad del material.<br \/>&#8211; El fondo triple (acero inoxidable + aluminio + acero inoxidable) distribuye el calor uniformemente, proporcionando una cocci\u00f3n m\u00e1s r\u00e1pida y uniforme, ahorrando energ\u00eda y manteniendo los alimentos calientes durante un tiempo mayor.<br \/>&#8211; Tiene un dise\u00f1o diferenciado y moderno, con terminaci\u00f3n en alto brillo.<br \/>&#8211; Su dise\u00f1o limpio y sin \u00e1ngulos facilita la limpieza.<br \/>&#8211; Tiene tapa con salida de vapor y encaje perfecto.<br \/>&#8211; Se puede lavar diariamente en lavavajillas.<br \/>&#8211; La olla se puede usar para otros tipos de cocci\u00f3n.<br \/>&#8211; Se puede utilizar en cocinas el\u00e9ctricas, a gas, de inducci\u00f3n y vitrocer\u00e1mica.<\/p>\n<p>Material: acero inoxidable.<br \/>Producto con fondo triple (acero inoxidable + aluminio + acero inoxidable).<\/p>\n<p>Tenemos m\u00e1s piezas y modelos, podes agregarlos a tu compra sin cargo.<br \/>Visita Nuestro E-Shop para ver todos nuestros productos: https:\/\/eshops.mercadolibre.com.ar\/bazarmaipu<br \/>OFRECEMOS GARANTIA DEL VENDEDOR POR 30 DIAS Y REALIZAMOS FACTURA A.<br \/>Cualquier consulta que tengas no dudes en Preguntarnos.<br \/>Atte. BAZAR MAIPU<br \/>&#8212;&#8212;&#8212;&#8212;&#8212;&#8212;&#8212;&#8212;&#8212;&#8212;&#8212;&#8212;&#8212;&#8212;&#8212;&#8212;&#8212;&#8212;&#8212;&#8212;&#8212;&#8212;&#8212;&#8212;&#8212;&#8212;&#8212;&#8212;&#8212;&#8212;&#8212;&#8212;&#8212;&#8212;&#8212;&#8212;&#8212;&#8212;&#8212;&#8212;&#8212;<br \/>\u00bfQui\u00e9nes somos?<br \/>BAZAR MAIPU: Somos una empresa familiar con m\u00e1s de 40 a\u00f1os de trayectoria instalada en el mercado para el<br \/>equipamiento del gremio gastron\u00f3mico. Nos encontramos ubicados en el microcentro porte\u00f1o e hist\u00f3ricamente<br \/>ofrecemos servicio de calidad orientado hacia un p\u00fablico que valora para s\u00ed y sus afectos la buena calidad y el<br \/>buen gusto por los art\u00edculos de bazar. Somos uno de los principales proveedores a restaurantes y hoteles<br \/>emblem\u00e1ticos, clubes, empresas y particulares a nivel nacional.<\/p>\n<p>\u00bfMedios de envi\u00f3?<br \/>&#8211; Mercado Env\u00edos: las compras se despachan todos los d\u00edas, y dentro de las 24 hs. h\u00e1biles de efectuada la misma.<br \/>Env\u00edos 100% asegurados.<br \/>&#8211; Full: cuando la publicaci\u00f3n indica que es \u00abFULL\u00bb es Mercado Libre quien se encarga de la log\u00edstica del despacho<br \/>ya que tienen ese producto en su dep\u00f3sito. Seleccionar correctamente la variante del producto, ya que no<br \/>podremos hacer nosotros ninguna modificaci\u00f3n luego, es un proceso autom\u00e1tico. En el sector de compras de tu<br \/>cuenta de Mercado Libre recibir\u00e1s las novedades y n\u00famero de seguimiento de tu env\u00edo, junto con la fecha<br \/>estimada de entrega. La mensajer\u00eda interna no ser\u00e1 habilitada hasta tanto recibas tu compra.<br \/>-Acuerdos con el Vendedor: para aquellas compras que no tienen Mercado Env\u00edos o Full, y que haya que<br \/>coordinar otro tipo de env\u00edo, las mismas se despachar\u00e1n dentro de las 24 hs. h\u00e1biles de confirmada las<br \/>condiciones y costos del despacho. Para agilizar el proceso, por favor dejar asentado en la mensajer\u00eda interna,<br \/>un tel\u00e9fono de contacto y el domicilio de entrega.<br \/>&#8211; Retiro por el local: ofrecemos retiro por nuestro Local. Para efectuar la entrega de mercader\u00eda, se deber\u00e1<br \/>presentar DNI y ser mayor de 18 a\u00f1os. Para autorizar a un tercero a retirar su compra, deber\u00e1 indicar por<br \/>mensajer\u00eda interna: nombre, apellido y DNI del autorizado\/a. El horario de retiro es de 10:00 a 17:00 hs.<br \/>\u00bfD\u00f3nde estamos?<br \/>Nos Encontramos en el Microcentro Porte\u00f1o a 5 Cuadras del Obelisco, a metros de la intersecci\u00f3n entre las<br \/>calles Maip\u00fa y Tucum\u00e1n. F\u00e1cil Acceso Peatonal y en transporte P\u00fablicos.<br \/>SUBTE LINEA \u201cA\u201d: Nos encontramos a 10 Cuadras de la estaci\u00f3n Plaza de Mayo.<br \/>SUBTE LINEA \u201cB\u201d: Nos encontramos a 4 Cuadras de la estaci\u00f3n Florida.<br \/>SUBTE LINEA \u201cC\u201d: Nos encontramos a 2 Cuadras de la estaci\u00f3n Lavalle.<br \/>SUBTE LINEA \u201cD\u201d: Nos encontramos a 6 Cuadras de la estaci\u00f3n 9 de Julio.<br \/>\u00bfFormas de pago?<br \/>Podes abonar con cualquiera de los medios adheridos a Mercado Pago. Tarjetas de cr\u00e9dito, d\u00e9bito, efectivo a<br \/>trav\u00e9s de Pago F\u00e1cil o Rapipago, o dinero en cuenta de Mercado Pago. Tambi\u00e9n aceptamos Efectivo y<br \/>Transferencias Bancarias.<br \/>\u00bfVariables, colores, y tama\u00f1os?<br \/>En cada publicaci\u00f3n, en la zona donde figura el precio, tendr\u00e1s a disposici\u00f3n los colores, tama\u00f1os, y otras<br \/>variables disponibles en tiempo real, para que no necesites consultar. Tambi\u00e9n disponemos de m\u00e1s mercader\u00eda<br \/>de la misma marca y\/o similar dise\u00f1o que la pod\u00e9s encontrar tanto en nuestro eShop como en nuestra tienda<br \/>Online.<br \/>\u00bfCambios o Devoluciones?<br \/>Sentite en confianza al comprar, ya que pod\u00e9s devolver o cambiar gratis tu compra en caso de que no quedes<br \/>conforme con el producto, siempre dentro de los 30 d\u00edas de realizada la misma. Tambi\u00e9n Ofrecemos Garantia<br \/>del Vendedor sobre nuestros productos en caso de haya cualquier desperfecto de fabrica que se nos haya<br \/>pasado por alto en la preparaci\u00f3n de este. Recorda de siempre Adjuntarnos el comprobante de la compra y<br \/>evidencia de cualquier desperfecto.<br \/>\u00bfFacturaci\u00f3n?<br \/>Realizamos factura A o B. El sistema de facturaci\u00f3n es autom\u00e1tico y realiza el tipo de comprobante seg\u00fan los<br \/>datos cargados en su cuenta de Mercado Libre al momento de la compra. Si necesita facturar con otros datos<br \/>y\/o Raz\u00f3n social por favor avisarnos por mensajeria privada.<\/p>\n","protected":false},"excerpt":{"rendered":"<p>OLLA ALTA c\/TAPA ACERO TRIPLE FONDO TRAMONTINA SOLAR CHICA &#8211; Un cl\u00e1sico de Tramontina, Solar es s\u00edmbolo de durabilidad y [&hellip;]<\/p>\n","protected":false},"featured_media":21277,"comment_status":"open","ping_status":"closed","template":"","meta":{"site-sidebar-layout":"default","site-content-layout":"","ast-site-content-layout":"default","site-content-style":"default","site-sidebar-style":"default","ast-global-header-display":"","ast-banner-title-visibility":"","ast-main-header-display":"","ast-hfb-above-header-display":"","ast-hfb-below-header-display":"","ast-hfb-mobile-header-display":"","site-post-title":"","ast-breadcrumbs-content":"","ast-featured-img":"","footer-sml-layout":"","ast-disable-related-posts":"","theme-transparent-header-meta":"","adv-header-id-meta":"","stick-header-meta":"","header-above-stick-meta":"","header-main-stick-meta":"","header-below-stick-meta":"","astra-migrate-meta-layouts":"default","ast-page-background-enabled":"default","ast-page-background-meta":{"desktop":{"background-color":"var(--ast-global-color-5)","background-image":"","background-repeat":"repeat","background-position":"center center","background-size":"auto","background-attachment":"scroll","background-type":"","background-media":"","overlay-type":"","overlay-color":"","overlay-opacity":"","overlay-gradient":""},"tablet":{"background-color":"","background-image":"","background-repeat":"repeat","background-position":"center center","background-size":"auto","background-attachment":"scroll","background-type":"","background-media":"","overlay-type":"","overlay-color":"","overlay-opacity":"","overlay-gradient":""},"mobile":{"background-color":"","background-image":"","background-repeat":"repeat","background-position":"center center","background-size":"auto","background-attachment":"scroll","background-type":"","background-media":"","overlay-type":"","overlay-color":"","overlay-opacity":"","overlay-gradient":""}},"ast-content-background-meta":{"desktop":{"background-color":"var(--ast-global-color-4)","background-image":"","background-repeat":"repeat","background-position":"center center","background-size":"auto","background-attachment":"scroll","background-type":"","background-media":"","overlay-type":"","overlay-color":"","overlay-opacity":"","overlay-gradient":""},"tablet":{"background-color":"var(--ast-global-color-4)","background-image":"","background-repeat":"repeat","background-position":"center center","background-size":"auto","background-attachment":"scroll","background-type":"","background-media":"","overlay-type":"","overlay-color":"","overlay-opacity":"","overlay-gradient":""},"mobile":{"background-color":"var(--ast-global-color-4)","background-image":"","background-repeat":"repeat","background-position":"center center","background-size":"auto","background-attachment":"scroll","background-type":"","background-media":"","overlay-type":"","overlay-color":"","overlay-opacity":"","overlay-gradient":""}},"_joinchat":[]},"product_brand":[2285],"product_cat":[2173],"product_tag":[],"class_list":{"0":"post-21275","1":"product","2":"type-product","3":"status-publish","4":"has-post-thumbnail","6":"product_brand-tramontina","7":"product_cat-cacerolas-y-ollas","8":"desktop-align-center","9":"tablet-align-left","10":"mobile-align-left","12":"first","13":"instock","14":"product-type-simple"},"_links":{"self":[{"href":"https:\/\/bazarmaipu.com.ar\/woo\/wp-json\/wp\/v2\/product\/21275","targetHints":{"allow":["GET"]}}],"collection":[{"href":"https:\/\/bazarmaipu.com.ar\/woo\/wp-json\/wp\/v2\/product"}],"about":[{"href":"https:\/\/bazarmaipu.com.ar\/woo\/wp-json\/wp\/v2\/types\/product"}],"replies":[{"embeddable":true,"href":"https:\/\/bazarmaipu.com.ar\/woo\/wp-json\/wp\/v2\/comments?post=21275"}],"version-history":[{"count":2,"href":"https:\/\/bazarmaipu.com.ar\/woo\/wp-json\/wp\/v2\/product\/21275\/revisions"}],"predecessor-version":[{"id":77449,"href":"https:\/\/bazarmaipu.com.ar\/woo\/wp-json\/wp\/v2\/product\/21275\/revisions\/77449"}],"wp:featuredmedia":[{"embeddable":true,"href":"https:\/\/bazarmaipu.com.ar\/woo\/wp-json\/wp\/v2\/media\/21277"}],"wp:attachment":[{"href":"https:\/\/bazarmaipu.com.ar\/woo\/wp-json\/wp\/v2\/media?parent=21275"}],"wp:term":[{"taxonomy":"product_brand","embeddable":true,"href":"https:\/\/bazarmaipu.com.ar\/woo\/wp-json\/wp\/v2\/product_brand?post=21275"},{"taxonomy":"product_cat","embeddable":true,"href":"https:\/\/bazarmaipu.com.ar\/woo\/wp-json\/wp\/v2\/product_cat?post=21275"},{"taxonomy":"product_tag","embeddable":true,"href":"https:\/\/bazarmaipu.com.ar\/woo\/wp-json\/wp\/v2\/product_tag?post=21275"}],"curies":[{"name":"wp","href":"https:\/\/api.w.org\/{rel}","templated":true}]}}