{"id":19456,"date":"2022-10-09T23:00:13","date_gmt":"2022-10-10T02:00:13","guid":{"rendered":"https:\/\/bazarmaipu.com.ar\/woo\/producto\/fuente-ovalada-ceramica-facetada-vajilla-decorada-chica\/"},"modified":"2026-03-27T14:23:53","modified_gmt":"2026-03-27T17:23:53","slug":"fuente-ovalada-ceramica-facetada-vajilla-decorada-chica","status":"publish","type":"product","link":"https:\/\/bazarmaipu.com.ar\/woo\/producto\/fuente-ovalada-ceramica-facetada-vajilla-decorada-chica\/","title":{"rendered":"Fuente Ovalada Ceramica Facetada Vajilla Decorada Chica"},"content":{"rendered":"<p>FUENTE OVALADA DE SERVICIO<\/p>\n<p>*******************************************<\/p>\n<p>PORCELANA ESMALTADA &#8211; NO SE MANCHA NI SE RAYA<\/p>\n<p>Recubierto por una capa de esmalte protector que previene las manchas, el coloramiento y las rayaduras.<\/p>\n<p>Material: Porcelana<\/p>\n<p>Color: Blanco<\/p>\n<p>Forma: Ovalada con Relieves (Facetada)<\/p>\n<p>Largo: 28 Cms<\/p>\n<p>Ancho: 19 Cms<\/p>\n<p>Altura: 3 Cms<\/p>\n<p>\u2022 Apto Microondas: Si<\/p>\n<p>\u2022 Apto Lavavajillas: Si<\/p>\n<p>\u2022 Apto Horno: Si<\/p>\n<p>\u2022 Apto Freezer: Si<\/p>\n<p>Tenemos mas piezas y modelos, podes agregarlos a tu compra sin cargo.<\/p>\n<p>Visita Nuestro E-Shop para ver todos nuestros productos: https:\/\/eshops.mercadolibre.com.ar\/bazarmaipu<\/p>\n<p>OFRECEMOS GARANTIA DEL VENDEDOR POR 30 DIAS Y REALIZAMOS FACTURA A.<\/p>\n<p>Cualquier consulta que tengas no dudes en Preguntarnos.<\/p>\n<p>Atte. BAZAR MAIPU<\/p>\n<p>&#8212;&#8212;&#8212;&#8212;&#8212;&#8212;&#8212;&#8212;&#8212;&#8212;&#8212;&#8212;&#8212;&#8212;&#8212;&#8212;&#8212;&#8212;&#8212;&#8212;&#8212;&#8212;&#8212;&#8212;&#8212;&#8212;&#8212;&#8212;&#8212;&#8212;&#8212;&#8212;&#8212;&#8212;&#8212;&#8212;&#8212;&#8212;&#8212;&#8211;<\/p>\n<p>\u00bfQui\u00e9nes somos?<\/p>\n<p>BAZAR MAIPU: Somos una empresa familiar con m\u00e1s de 40 a\u00f1os de trayectoria instalada en el mercado para el equipamiento del gremio gastron\u00f3mico. Nos encontramos ubicados en el microcentro porte\u00f1o e hist\u00f3ricamente ofrecemos servicio de calidad orientado hacia un p\u00fablico que valora para s\u00ed y sus afectos la buena calidad y el buen gusto por los art\u00edculos de bazar. Somos uno de los principales proveedores a restaurantes y hoteles emblem\u00e1ticos, clubes, empresas y particulares a nivel nacional.<\/p>\n<p>\u00bfMedios de envi\u00f3?<\/p>\n<p>&#8211; Mercado Env\u00edos: las compras se despachan todos los d\u00edas, y dentro de las 24 hs. h\u00e1biles de efectuada la misma. Env\u00edos 100% asegurados.<\/p>\n<p>&#8211; Full: cuando la publicaci\u00f3n indica que es \u00abFULL\u00bb es Mercado Libre quien se encarga de la log\u00edstica del despacho ya que tienen ese producto en su dep\u00f3sito. Seleccionar correctamente la variante del producto, ya que no podremos hacer nosotros ninguna modificaci\u00f3n luego, es un proceso autom\u00e1tico. En el sector de compras de tu cuenta de Mercado Libre recibir\u00e1s las novedades y n\u00famero de seguimiento de tu env\u00edo, junto con la fecha estimada de entrega. La mensajer\u00eda interna no ser\u00e1 habilitada hasta tanto recibas tu compra.<\/p>\n<p>-Acuerdos con el Vendedor: para aquellas compras que no tienen Mercado Env\u00edos o Full, y que haya que coordinar otro tipo de env\u00edo, las mismas se despachar\u00e1n dentro de las 24 hs. h\u00e1biles de confirmada las condiciones y costos del despacho. Para agilizar el proceso, por favor dejar asentado en la mensajer\u00eda interna, un tel\u00e9fono de contacto y el domicilio de entrega.<\/p>\n<p>&#8211; Retiro por el local: ofrecemos retiro por nuestro Local. Para efectuar la entrega de mercader\u00eda, se deber\u00e1 presentar DNI y ser mayor de 18 a\u00f1os. Para autorizar a un tercero a retirar su compra, deber\u00e1 indicar por mensajer\u00eda interna: nombre, apellido y DNI del autorizado\/a. El horario de retiro es de 10:00 a 17:00 hs.<\/p>\n<p>\u00bfD\u00f3nde estamos?<\/p>\n<p>Nos Encontramos en el Microcentro Porte\u00f1o a 5 Cuadras del Obelisco, a metros de la intersecci\u00f3n entre las calle Maip\u00fa y Tucum\u00e1n. F\u00e1cil Acceso Peatonal y en transporte P\u00fablicos.<\/p>\n<p>SUBTE LINEA \u201cA\u201d: Nos encontramos a 10 Cuadras de la estaci\u00f3n Plaza de Mayo.<\/p>\n<p>SUBTE LINEA \u201cB\u201d: Nos encontramos a 4 Cuadras de la estaci\u00f3n Florida.<\/p>\n<p>SUBTE LINEA \u201cC\u201d: Nos encontramos a 2 Cuadras de la estaci\u00f3n Lavalle.<\/p>\n<p>SUBTE LINEA \u201cD\u201d: Nos encontramos a 6 Cuadras de la estaci\u00f3n 9 de Julio.<\/p>\n<p>\u00bfFormas de pago?<\/p>\n<p>Podes abonar con cualquiera de los medios adheridos a Mercado Pago. Tarjetas de cr\u00e9dito, d\u00e9bito, efectivo a trav\u00e9s de Pago F\u00e1cil o Rapipago, o dinero en cuenta de Mercado Pago. Tambi\u00e9n aceptamos Efectivo y Transferencias Bancarias.<\/p>\n<p>\u00bfVariables, colores, y tama\u00f1os?<\/p>\n<p>En cada publicaci\u00f3n, en la zona donde figura el precio, tendr\u00e1s a disposici\u00f3n los colores, tama\u00f1os, y otras variables disponibles en tiempo real, para que no necesites consultar. Tambi\u00e9n disponemos de mas mercader\u00eda de la misma marca y\/o similar dise\u00f1o que la pod\u00e9s encontrar tanto en nuestro eShop como en nuestra tienda Online.<\/p>\n<p>\u00bfCambios o Devoluciones?<\/p>\n<p>Sentite en confianza al comprar, ya que pod\u00e9s devolver o cambiar gratis tu compra en caso de que no quedes conforme con el producto, siempre dentro de los 30 d\u00edas de realizada la misma. Tambi\u00e9n Ofrecemos Garantia del Vendedor sobre nuestros productos en caso de haya cualquier desperfecto de fabrica que se nos haya pasado por alto en la preparaci\u00f3n de este. Recorda de siempre Adjuntarnos el comprobante de la compra y evidencia de cualquier desperfecto.<\/p>\n<p>\u00bfFacturaci\u00f3n?<\/p>\n<p>Realizamos factura A o B. El sistema de facturaci\u00f3n es autom\u00e1tico y realiza el tipo de comprobante seg\u00fan los datos cargados en su cuenta de Mercado Libre al momento de la compra. Si necesita facturar con otros datos y\/o Raz\u00f3n social por favor avisarnos por mensajeria privada.<\/p>\n","protected":false},"excerpt":{"rendered":"<p>FUENTE OVALADA DE SERVICIO ******************************************* PORCELANA ESMALTADA &#8211; NO SE MANCHA NI SE RAYA Recubierto por una capa de esmalte [&hellip;]<\/p>\n","protected":false},"featured_media":19457,"comment_status":"open","ping_status":"closed","template":"","meta":{"site-sidebar-layout":"default","site-content-layout":"","ast-site-content-layout":"default","site-content-style":"default","site-sidebar-style":"default","ast-global-header-display":"","ast-banner-title-visibility":"","ast-main-header-display":"","ast-hfb-above-header-display":"","ast-hfb-below-header-display":"","ast-hfb-mobile-header-display":"","site-post-title":"","ast-breadcrumbs-content":"","ast-featured-img":"","footer-sml-layout":"","ast-disable-related-posts":"","theme-transparent-header-meta":"","adv-header-id-meta":"","stick-header-meta":"","header-above-stick-meta":"","header-main-stick-meta":"","header-below-stick-meta":"","astra-migrate-meta-layouts":"default","ast-page-background-enabled":"default","ast-page-background-meta":{"desktop":{"background-color":"var(--ast-global-color-5)","background-image":"","background-repeat":"repeat","background-position":"center center","background-size":"auto","background-attachment":"scroll","background-type":"","background-media":"","overlay-type":"","overlay-color":"","overlay-opacity":"","overlay-gradient":""},"tablet":{"background-color":"","background-image":"","background-repeat":"repeat","background-position":"center center","background-size":"auto","background-attachment":"scroll","background-type":"","background-media":"","overlay-type":"","overlay-color":"","overlay-opacity":"","overlay-gradient":""},"mobile":{"background-color":"","background-image":"","background-repeat":"repeat","background-position":"center center","background-size":"auto","background-attachment":"scroll","background-type":"","background-media":"","overlay-type":"","overlay-color":"","overlay-opacity":"","overlay-gradient":""}},"ast-content-background-meta":{"desktop":{"background-color":"var(--ast-global-color-4)","background-image":"","background-repeat":"repeat","background-position":"center center","background-size":"auto","background-attachment":"scroll","background-type":"","background-media":"","overlay-type":"","overlay-color":"","overlay-opacity":"","overlay-gradient":""},"tablet":{"background-color":"var(--ast-global-color-4)","background-image":"","background-repeat":"repeat","background-position":"center center","background-size":"auto","background-attachment":"scroll","background-type":"","background-media":"","overlay-type":"","overlay-color":"","overlay-opacity":"","overlay-gradient":""},"mobile":{"background-color":"var(--ast-global-color-4)","background-image":"","background-repeat":"repeat","background-position":"center center","background-size":"auto","background-attachment":"scroll","background-type":"","background-media":"","overlay-type":"","overlay-color":"","overlay-opacity":"","overlay-gradient":""}},"_joinchat":[]},"product_brand":[2282],"product_cat":[2318],"product_tag":[],"class_list":{"0":"post-19456","1":"product","2":"type-product","3":"status-publish","4":"has-post-thumbnail","6":"product_brand-tsuji","7":"product_cat-fuentes-para-servir-accesorios-de-mesa","8":"desktop-align-center","9":"tablet-align-left","10":"mobile-align-left","12":"first","13":"instock","14":"product-type-simple"},"_links":{"self":[{"href":"https:\/\/bazarmaipu.com.ar\/woo\/wp-json\/wp\/v2\/product\/19456","targetHints":{"allow":["GET"]}}],"collection":[{"href":"https:\/\/bazarmaipu.com.ar\/woo\/wp-json\/wp\/v2\/product"}],"about":[{"href":"https:\/\/bazarmaipu.com.ar\/woo\/wp-json\/wp\/v2\/types\/product"}],"replies":[{"embeddable":true,"href":"https:\/\/bazarmaipu.com.ar\/woo\/wp-json\/wp\/v2\/comments?post=19456"}],"version-history":[{"count":2,"href":"https:\/\/bazarmaipu.com.ar\/woo\/wp-json\/wp\/v2\/product\/19456\/revisions"}],"predecessor-version":[{"id":21223,"href":"https:\/\/bazarmaipu.com.ar\/woo\/wp-json\/wp\/v2\/product\/19456\/revisions\/21223"}],"wp:featuredmedia":[{"embeddable":true,"href":"https:\/\/bazarmaipu.com.ar\/woo\/wp-json\/wp\/v2\/media\/19457"}],"wp:attachment":[{"href":"https:\/\/bazarmaipu.com.ar\/woo\/wp-json\/wp\/v2\/media?parent=19456"}],"wp:term":[{"taxonomy":"product_brand","embeddable":true,"href":"https:\/\/bazarmaipu.com.ar\/woo\/wp-json\/wp\/v2\/product_brand?post=19456"},{"taxonomy":"product_cat","embeddable":true,"href":"https:\/\/bazarmaipu.com.ar\/woo\/wp-json\/wp\/v2\/product_cat?post=19456"},{"taxonomy":"product_tag","embeddable":true,"href":"https:\/\/bazarmaipu.com.ar\/woo\/wp-json\/wp\/v2\/product_tag?post=19456"}],"curies":[{"name":"wp","href":"https:\/\/api.w.org\/{rel}","templated":true}]}}